{"id":2293,"date":"2022-04-19T11:55:44","date_gmt":"2022-04-19T11:55:44","guid":{"rendered":"https:\/\/ellinia-cosmetics.com\/%d8%a7%d8%aa%d8%b5%d9%84-%d8%a8%d9%86%d8%a7\/"},"modified":"2024-12-31T17:47:14","modified_gmt":"2024-12-31T17:47:14","slug":"%d8%a7%d8%aa%d8%b5%d9%84-%d8%a8%d9%86%d8%a7","status":"publish","type":"page","link":"https:\/\/ellinia-cosmetics.com\/ar\/%d8%a7%d8%aa%d8%b5%d9%84-%d8%a8%d9%86%d8%a7\/","title":{"rendered":"\u0627\u062a\u0635\u0644 \u0628\u0646\u0627"},"content":{"rendered":"\t\t<div data-elementor-type=\"wp-page\" data-elementor-id=\"2293\" class=\"elementor elementor-2293 elementor-23\" data-elementor-post-type=\"page\">\n\t\t\t\t\t\t<section class=\"elementor-section elementor-top-section elementor-element elementor-element-466b1c8 elementor-section-boxed elementor-section-height-default elementor-section-height-default\" data-id=\"466b1c8\" data-element_type=\"section\" data-settings=\"{&quot;background_background&quot;:&quot;classic&quot;}\">\n\t\t\t\t\t\t<div class=\"elementor-container elementor-column-gap-default\">\n\t\t\t\t\t<div class=\"elementor-column elementor-col-100 elementor-top-column elementor-element elementor-element-ece8950\" data-id=\"ece8950\" data-element_type=\"column\">\n\t\t\t<div class=\"elementor-widget-wrap elementor-element-populated\">\n\t\t\t\t\t\t<div class=\"elementor-element elementor-element-d62cd05 elementor-widget elementor-widget-heading\" data-id=\"d62cd05\" data-element_type=\"widget\" data-widget_type=\"heading.default\">\n\t\t\t\t<div class=\"elementor-widget-container\">\n\t\t\t\t\t<h2 class=\"elementor-heading-title elementor-size-default\">\u062a\u0648\u0627\u0635\u0644 \u0645\u0639\u0646\u0627<\/h2>\t\t\t\t<\/div>\n\t\t\t\t<\/div>\n\t\t\t\t\t<\/div>\n\t\t<\/div>\n\t\t\t\t\t<\/div>\n\t\t<\/section>\n\t\t\t\t<section class=\"elementor-section elementor-top-section elementor-element elementor-element-25cd586 elementor-section-stretched elementor-section-boxed elementor-section-height-default elementor-section-height-default\" data-id=\"25cd586\" data-element_type=\"section\" data-settings=\"{&quot;stretch_section&quot;:&quot;section-stretched&quot;}\">\n\t\t\t\t\t\t<div class=\"elementor-container elementor-column-gap-custom\">\n\t\t\t\t\t<div class=\"elementor-column elementor-col-50 elementor-top-column elementor-element elementor-element-a09e30a\" data-id=\"a09e30a\" data-element_type=\"column\">\n\t\t\t<div class=\"elementor-widget-wrap elementor-element-populated\">\n\t\t\t\t\t\t<div class=\"elementor-element elementor-element-1f29b9b elementor-widget elementor-widget-heading\" data-id=\"1f29b9b\" data-element_type=\"widget\" data-widget_type=\"heading.default\">\n\t\t\t\t<div class=\"elementor-widget-container\">\n\t\t\t\t\t<h2 class=\"elementor-heading-title elementor-size-default\">\u062a\u0648\u0627\u0635\u0644 \u0645\u0639\u0646\u0627<\/h2>\t\t\t\t<\/div>\n\t\t\t\t<\/div>\n\t\t\t\t<div class=\"elementor-element elementor-element-15d2984 elementor-widget elementor-widget-text-editor\" data-id=\"15d2984\" data-element_type=\"widget\" data-widget_type=\"text-editor.default\">\n\t\t\t\t<div class=\"elementor-widget-container\">\n\t\t\t\t\t\t\t\t\t<p>\u0646\u062d\u0646 \u062d\u0631\u064a\u0635\u0648\u0646 \u0639\u0644\u0649 \u062a\u0648\u0641\u064a\u0631 \u062d\u0644\u0648\u0644 \u0641\u0639\u0627\u0644\u0629 \u0644\u0644\u0639\u0646\u0627\u064a\u0629 \u0628\u0627\u0644\u0634\u0639\u0631 \u0648\u0627\u0644\u0628\u0634\u0631\u0629 \u0645\u0646 \u062e\u0644\u0627\u0644 \u0645\u0646\u062a\u062c\u0627\u062a \u0645\u0637\u0648\u0631\u0629 \u0628\u0639\u0646\u0627\u064a\u0629,<\/p><p>\u0645\u062b\u0644 \u0627\u0644\u0645\u0635\u0644 \u0627\u0644\u0645\u0636\u0627\u062f \u0644\u062a\u0633\u0627\u0642\u0637 \u0627\u0644\u0634\u0639\u0631 \u0648\u0645\u0635\u0644 \u0641\u064a\u062a\u0627\u0645\u064a\u0646 C \u0648\u0645\u0635\u0644 \u0627\u0644\u0643\u0648\u0644\u0627\u062c\u064a\u0646\u060c \u0648\u0628\u0641\u0636\u0644 \u0627\u0644\u062a\u0631\u0643\u064a\u0628\u0627\u062a \u0627\u0644\u063a\u0646\u064a\u0629 \u0628\u0627\u0644\u0645\u0643\u0648\u0646\u0627\u062a \u0627\u0644\u0637\u0628\u064a\u0639\u064a\u0629 \u0627\u0644\u0641\u0639\u0627\u0644\u0629 \u0645\u062b\u0644 \u0627\u0644\u0628\u064a\u0648\u062a\u064a\u0646 \u0648\u0627\u0644\u0643\u0648\u0644\u0627\u062c\u064a\u0646 \u0648\u0627\u0644\u0641\u064a\u062a\u0627\u0645\u064a\u0646\u0627\u062a\u060c \u0646\u0633\u0627\u0639\u062f\u0643 \u0641\u064a \u0627\u0644\u062d\u0641\u0627\u0638 \u0639\u0644\u0649 \u062c\u0645\u0627\u0644\u0643 \u0648\u0635\u062d\u062a\u0643 \u0627\u0644\u0637\u0628\u064a\u0639\u064a\u0629.<\/p>\t\t\t\t\t\t\t\t<\/div>\n\t\t\t\t<\/div>\n\t\t\t\t<section class=\"elementor-section elementor-inner-section elementor-element elementor-element-8f8e50f elementor-section-boxed elementor-section-height-default elementor-section-height-default\" data-id=\"8f8e50f\" data-element_type=\"section\" data-settings=\"{&quot;background_background&quot;:&quot;classic&quot;}\">\n\t\t\t\t\t\t<div class=\"elementor-container elementor-column-gap-no\">\n\t\t\t\t\t<div class=\"elementor-column elementor-col-100 elementor-inner-column elementor-element elementor-element-417cb4b\" data-id=\"417cb4b\" data-element_type=\"column\">\n\t\t\t<div class=\"elementor-widget-wrap elementor-element-populated\">\n\t\t\t\t\t\t<div class=\"elementor-element elementor-element-5be1c3f elementor-widget elementor-widget-text-editor\" data-id=\"5be1c3f\" data-element_type=\"widget\" data-widget_type=\"text-editor.default\">\n\t\t\t\t<div class=\"elementor-widget-container\">\n\t\t\t\t\t\t\t\t\t<p>\u00a0hac\u0131kad\u0131n 1.cd, \u015fark i\u015fhan\u0131, No:8, i\u00e7 kap\u0131 11, Fatih, TURK\u0130YE \/ ISTANBUL<\/p>\t\t\t\t\t\t\t\t<\/div>\n\t\t\t\t<\/div>\n\t\t\t\t<div class=\"elementor-element elementor-element-394c804 elementor-widget elementor-widget-text-editor\" data-id=\"394c804\" data-element_type=\"widget\" data-widget_type=\"text-editor.default\">\n\t\t\t\t<div class=\"elementor-widget-container\">\n\t\t\t\t\t\t\t\t\t<p>\u0627\u0644\u0647\u0627\u062a\u0641 \u0627\u0644\u0645\u062d\u0645\u0648\u0644 0000 514 781 781 964+\u060c \u0627\u0644\u0628\u0631\u064a\u062f \u0627\u0644\u0625\u0644\u0643\u062a\u0631\u0648\u0646\u064a: info@ellinia-cosmetics-com<\/p>\n\t\t\t\t\t\t\t\t<\/div>\n\t\t\t\t<\/div>\n\t\t\t\t<div class=\"elementor-element elementor-element-5467745 elementor-widget elementor-widget-text-editor\" data-id=\"5467745\" data-element_type=\"widget\" data-widget_type=\"text-editor.default\">\n\t\t\t\t<div class=\"elementor-widget-container\">\n\t\t\t\t\t\t\t\t\t<p>\u0627\u0644\u0627\u062b\u0646\u064a\u0646 &#8211; \u0627\u0644\u062c\u0645\u0639\u0629: 9 \u0635\u0628\u0627\u062d\u064b\u0627 &#8211; 8 \u0645\u0633\u0627\u0621\u064b<br \/>\u0627\u0644\u0623\u062d\u062f \u0648\u0627\u0644\u0633\u0628\u062a: 11 \u0635\u0628\u0627\u062d\u0627\u064b &#8211; 5 \u0645\u0633\u0627\u0621\u064b<\/p>\t\t\t\t\t\t\t\t<\/div>\n\t\t\t\t<\/div>\n\t\t\t\t\t<\/div>\n\t\t<\/div>\n\t\t\t\t\t<\/div>\n\t\t<\/section>\n\t\t\t\t\t<\/div>\n\t\t<\/div>\n\t\t\t\t<div class=\"elementor-column elementor-col-50 elementor-top-column elementor-element elementor-element-a8da2c5\" data-id=\"a8da2c5\" data-element_type=\"column\">\n\t\t\t<div class=\"elementor-widget-wrap elementor-element-populated\">\n\t\t\t\t\t\t<div class=\"elementor-element elementor-element-4aa5ad7 elementor-widget elementor-widget-heading\" data-id=\"4aa5ad7\" data-element_type=\"widget\" data-widget_type=\"heading.default\">\n\t\t\t\t<div class=\"elementor-widget-container\">\n\t\t\t\t\t<h2 class=\"elementor-heading-title elementor-size-default\">\u0627\u062a\u0635\u0644 \u0628\u0646\u0627<\/h2>\t\t\t\t<\/div>\n\t\t\t\t<\/div>\n\t\t\t\t<div class=\"elementor-element elementor-element-a290420 elementor-widget elementor-widget-text-editor\" data-id=\"a290420\" data-element_type=\"widget\" data-widget_type=\"text-editor.default\">\n\t\t\t\t<div class=\"elementor-widget-container\">\n\t\t\t\t\t\t\t\t\t<p>\u0646\u062d\u0646 \u062d\u0631\u064a\u0635\u0648\u0646 \u0639\u0644\u0649 \u062a\u0642\u062f\u064a\u0645 \u062d\u0644\u0648\u0644 \u0641\u0639\u0627\u0644\u0629 \u0644\u0644\u0639\u0646\u0627\u064a\u0629 \u0628\u0627\u0644\u0634\u0639\u0631 \u0648\u0627\u0644\u0628\u0634\u0631\u0629 \u0645\u0646 \u062e\u0644\u0627\u0644 \u0645\u0646\u062a\u062c\u0627\u062a \u0645\u0637\u0648\u0631\u0629 \u0628\u0639\u0646\u0627\u064a\u0629\u060c \u0645\u062b\u0644 \u0645\u0635\u0644 \u0645\u0636\u0627\u062f \u0644\u062a\u0633\u0627\u0642\u0637 \u0627\u0644\u0634\u0639\u0631 \u0648\u0645\u0635\u0644 \u0641\u064a\u062a\u0627\u0645\u064a\u0646 C \u0648\u0645\u0635\u0644 \u0627\u0644\u0643\u0648\u0644\u0627\u062c\u064a\u0646.  <\/p>\n\t\t\t\t\t\t\t\t<\/div>\n\t\t\t\t<\/div>\n\t\t\t\t<div class=\"elementor-element elementor-element-1924e73 elementor-widget elementor-widget-menu-anchor\" data-id=\"1924e73\" data-element_type=\"widget\" data-widget_type=\"menu-anchor.default\">\n\t\t\t\t<div class=\"elementor-widget-container\">\n\t\t\t\t\t\t\t<div class=\"elementor-menu-anchor\" id=\"Contact-with-Us-ar\"><\/div>\n\t\t\t\t\t\t<\/div>\n\t\t\t\t<\/div>\n\t\t\t\t\t<\/div>\n\t\t<\/div>\n\t\t\t\t\t<\/div>\n\t\t<\/section>\n\t\t\t\t<\/div>\n\t\t","protected":false},"excerpt":{"rendered":"<p>\u062a\u0648\u0627\u0635\u0644 \u0645\u0639\u0646\u0627 \u062a\u0648\u0627\u0635\u0644 \u0645\u0639\u0646\u0627 \u0646\u062d\u0646 \u062d\u0631\u064a\u0635\u0648\u0646 \u0639\u0644\u0649 \u062a\u0648\u0641\u064a\u0631 \u062d\u0644\u0648\u0644 \u0641\u0639\u0627\u0644\u0629 \u0644\u0644\u0639\u0646\u0627\u064a\u0629 \u0628\u0627\u0644\u0634\u0639\u0631 \u0648\u0627\u0644\u0628\u0634\u0631\u0629 \u0645\u0646 \u062e\u0644\u0627\u0644 \u0645\u0646\u062a\u062c\u0627\u062a \u0645\u0637\u0648\u0631\u0629 \u0628\u0639\u0646\u0627\u064a\u0629, \u0645\u062b\u0644 \u0627\u0644\u0645\u0635\u0644 \u0627\u0644\u0645\u0636\u0627\u062f \u0644\u062a\u0633\u0627\u0642\u0637 \u0627\u0644\u0634\u0639\u0631 \u0648\u0645\u0635\u0644 \u0641\u064a\u062a\u0627\u0645\u064a\u0646&#8230;<\/p>\n","protected":false},"author":1,"featured_media":0,"parent":0,"menu_order":0,"comment_status":"closed","ping_status":"closed","template":"","meta":{"content-type":"","footnotes":""},"class_list":["post-2293","page","type-page","status-publish","hentry"],"_links":{"self":[{"href":"https:\/\/ellinia-cosmetics.com\/ar\/wp-json\/wp\/v2\/pages\/2293","targetHints":{"allow":["GET"]}}],"collection":[{"href":"https:\/\/ellinia-cosmetics.com\/ar\/wp-json\/wp\/v2\/pages"}],"about":[{"href":"https:\/\/ellinia-cosmetics.com\/ar\/wp-json\/wp\/v2\/types\/page"}],"author":[{"embeddable":true,"href":"https:\/\/ellinia-cosmetics.com\/ar\/wp-json\/wp\/v2\/users\/1"}],"replies":[{"embeddable":true,"href":"https:\/\/ellinia-cosmetics.com\/ar\/wp-json\/wp\/v2\/comments?post=2293"}],"version-history":[{"count":23,"href":"https:\/\/ellinia-cosmetics.com\/ar\/wp-json\/wp\/v2\/pages\/2293\/revisions"}],"predecessor-version":[{"id":3131,"href":"https:\/\/ellinia-cosmetics.com\/ar\/wp-json\/wp\/v2\/pages\/2293\/revisions\/3131"}],"wp:attachment":[{"href":"https:\/\/ellinia-cosmetics.com\/ar\/wp-json\/wp\/v2\/media?parent=2293"}],"curies":[{"name":"wp","href":"https:\/\/api.w.org\/{rel}","templated":true}]}}